{"id":5787,"date":"2021-08-09T09:15:12","date_gmt":"2021-08-09T09:15:12","guid":{"rendered":"https:\/\/meeat.co\/home\/"},"modified":"2024-05-03T09:01:00","modified_gmt":"2024-05-03T09:01:00","slug":"home","status":"publish","type":"page","link":"https:\/\/meeat.co\/de\/","title":{"rendered":"Startseite"},"content":{"rendered":"<h4><img decoding=\"async\" class=\"alignnone size-full wp-image-5045\" src=\"http:\/\/meeat.co\/wp-content\/uploads\/Muu_Meeat-860x548-1.png\" alt=\"\" width=\"860\" height=\"548\" srcset=\"https:\/\/meeat.co\/wp-content\/uploads\/Muu_Meeat-860x548-1.png 860w, https:\/\/meeat.co\/wp-content\/uploads\/Muu_Meeat-860x548-1-768x489.png 768w, https:\/\/meeat.co\/wp-content\/uploads\/Muu_Meeat-860x548-1-600x382.png 600w\" sizes=\"(max-width: 860px) 100vw, 860px\" \/><\/h4>\n<h1>DER N\u00c4CHSTE SCHRITT IN DER EVOLUTION<\/h1>\n<p class=\"Content-title Content-title--medium\">Willkommen in der Zukunft pflanzlicher Lebensmittel!<br \/>\nWarum MUU\u00a0&#8211; Alle Produkten sind ohne Soja und ohne Gluten<\/p>\n","protected":false},"excerpt":{"rendered":"<p>DER N\u00c4CHSTE SCHRITT IN DER EVOLUTION Willkommen in der Zukunft pflanzlicher Lebensmittel! Warum MUU\u00a0&#8211; Alle Produkten sind ohne Soja und ohne&#8230;<\/p>\n","protected":false},"author":1,"featured_media":5789,"parent":0,"menu_order":0,"comment_status":"closed","ping_status":"closed","template":"","meta":{"_acf_changed":false,"_monsterinsights_skip_tracking":false,"_monsterinsights_sitenote_active":false,"_monsterinsights_sitenote_note":"","_monsterinsights_sitenote_category":0,"footnotes":""},"class_list":["post-5787","page","type-page","status-publish","has-post-thumbnail","hentry"],"acf":[],"yoast_head":"<!-- This site is optimized with the Yoast SEO plugin v27.4 - https:\/\/yoast.com\/product\/yoast-seo-wordpress\/ -->\n<title>Nice to meeat you! &#8226; Meeat<\/title>\n<meta name=\"description\" content=\"Maailma muuttuu, samoin me. Sit\u00e4 kutsutaan evoluutioksi. Tulevaisuus on kasvipohjainen ja me kutsumme sinut mukaamme tekem\u00e4\u00e4n hyv\u00e4\u00e4 planeetallemme.\" \/>\n<meta name=\"robots\" content=\"index, follow, max-snippet:-1, max-image-preview:large, max-video-preview:-1\" \/>\n<link rel=\"canonical\" href=\"https:\/\/meeat.co\/de\/\" \/>\n<meta property=\"og:locale\" content=\"de_DE\" \/>\n<meta property=\"og:type\" content=\"article\" \/>\n<meta property=\"og:title\" content=\"Nice to meeat you! &#8226; Meeat\" \/>\n<meta property=\"og:description\" content=\"Maailma muuttuu, samoin me. Sit\u00e4 kutsutaan evoluutioksi. Tulevaisuus on kasvipohjainen ja me kutsumme sinut mukaamme tekem\u00e4\u00e4n hyv\u00e4\u00e4 planeetallemme.\" \/>\n<meta property=\"og:url\" content=\"https:\/\/meeat.co\/de\/\" \/>\n<meta property=\"og:site_name\" content=\"Meeat\" \/>\n<meta property=\"article:modified_time\" content=\"2024-05-03T09:01:00+00:00\" \/>\n<meta property=\"og:image\" content=\"http:\/\/meeat.co\/wp-content\/uploads\/meeat-hero-1.jpg\" \/>\n\t<meta property=\"og:image:width\" content=\"1800\" \/>\n\t<meta property=\"og:image:height\" content=\"860\" \/>\n\t<meta property=\"og:image:type\" content=\"image\/jpeg\" \/>\n<meta name=\"twitter:card\" content=\"summary_large_image\" \/>\n<meta name=\"twitter:label1\" content=\"Gesch\u00e4tzte Lesezeit\" \/>\n\t<meta name=\"twitter:data1\" content=\"1 Minute\" \/>\n<script type=\"application\/ld+json\" class=\"yoast-schema-graph\">{\"@context\":\"https:\\\/\\\/schema.org\",\"@graph\":[{\"@type\":\"WebPage\",\"@id\":\"https:\\\/\\\/meeat.co\\\/de\\\/\",\"url\":\"https:\\\/\\\/meeat.co\\\/de\\\/\",\"name\":\"Nice to meeat you! &#8226; Meeat\",\"isPartOf\":{\"@id\":\"https:\\\/\\\/meeat.co\\\/de\\\/fi\\\/#website\"},\"primaryImageOfPage\":{\"@id\":\"https:\\\/\\\/meeat.co\\\/de\\\/#primaryimage\"},\"image\":{\"@id\":\"https:\\\/\\\/meeat.co\\\/de\\\/#primaryimage\"},\"thumbnailUrl\":\"https:\\\/\\\/meeat.co\\\/wp-content\\\/uploads\\\/meeat-hero-1.jpg\",\"datePublished\":\"2021-08-09T09:15:12+00:00\",\"dateModified\":\"2024-05-03T09:01:00+00:00\",\"description\":\"Maailma muuttuu, samoin me. Sit\u00e4 kutsutaan evoluutioksi. Tulevaisuus on kasvipohjainen ja me kutsumme sinut mukaamme tekem\u00e4\u00e4n hyv\u00e4\u00e4 planeetallemme.\",\"breadcrumb\":{\"@id\":\"https:\\\/\\\/meeat.co\\\/de\\\/#breadcrumb\"},\"inLanguage\":\"de-DE\",\"potentialAction\":[{\"@type\":\"ReadAction\",\"target\":[\"https:\\\/\\\/meeat.co\\\/de\\\/\"]}]},{\"@type\":\"ImageObject\",\"inLanguage\":\"de-DE\",\"@id\":\"https:\\\/\\\/meeat.co\\\/de\\\/#primaryimage\",\"url\":\"https:\\\/\\\/meeat.co\\\/wp-content\\\/uploads\\\/meeat-hero-1.jpg\",\"contentUrl\":\"https:\\\/\\\/meeat.co\\\/wp-content\\\/uploads\\\/meeat-hero-1.jpg\",\"width\":1800,\"height\":860},{\"@type\":\"BreadcrumbList\",\"@id\":\"https:\\\/\\\/meeat.co\\\/de\\\/#breadcrumb\",\"itemListElement\":[{\"@type\":\"ListItem\",\"position\":1,\"name\":\"Home\",\"item\":\"https:\\\/\\\/meeat.co\\\/de\\\/\"},{\"@type\":\"ListItem\",\"position\":2,\"name\":\"Startseite\"}]},{\"@type\":\"WebSite\",\"@id\":\"https:\\\/\\\/meeat.co\\\/de\\\/fi\\\/#website\",\"url\":\"https:\\\/\\\/meeat.co\\\/de\\\/fi\\\/\",\"name\":\"Meeat\",\"description\":\"Plant based future food\",\"publisher\":{\"@id\":\"https:\\\/\\\/meeat.co\\\/de\\\/fi\\\/#organization\"},\"potentialAction\":[{\"@type\":\"SearchAction\",\"target\":{\"@type\":\"EntryPoint\",\"urlTemplate\":\"https:\\\/\\\/meeat.co\\\/de\\\/fi\\\/?s={search_term_string}\"},\"query-input\":{\"@type\":\"PropertyValueSpecification\",\"valueRequired\":true,\"valueName\":\"search_term_string\"}}],\"inLanguage\":\"de-DE\"},{\"@type\":\"Organization\",\"@id\":\"https:\\\/\\\/meeat.co\\\/de\\\/fi\\\/#organization\",\"name\":\"Meeat\",\"url\":\"https:\\\/\\\/meeat.co\\\/de\\\/fi\\\/\",\"logo\":{\"@type\":\"ImageObject\",\"inLanguage\":\"de-DE\",\"@id\":\"https:\\\/\\\/meeat.co\\\/de\\\/fi\\\/#\\\/schema\\\/logo\\\/image\\\/\",\"url\":\"https:\\\/\\\/meeat.co\\\/wp-content\\\/uploads\\\/cko046hrc00roa6s6bsqbba4i-meeat-sign.large_.png\",\"contentUrl\":\"https:\\\/\\\/meeat.co\\\/wp-content\\\/uploads\\\/cko046hrc00roa6s6bsqbba4i-meeat-sign.large_.png\",\"width\":2500,\"height\":1660,\"caption\":\"Meeat\"},\"image\":{\"@id\":\"https:\\\/\\\/meeat.co\\\/de\\\/fi\\\/#\\\/schema\\\/logo\\\/image\\\/\"}}]}<\/script>\n<!-- \/ Yoast SEO plugin. -->","yoast_head_json":{"title":"Nice to meeat you! &#8226; Meeat","description":"Maailma muuttuu, samoin me. Sit\u00e4 kutsutaan evoluutioksi. Tulevaisuus on kasvipohjainen ja me kutsumme sinut mukaamme tekem\u00e4\u00e4n hyv\u00e4\u00e4 planeetallemme.","robots":{"index":"index","follow":"follow","max-snippet":"max-snippet:-1","max-image-preview":"max-image-preview:large","max-video-preview":"max-video-preview:-1"},"canonical":"https:\/\/meeat.co\/de\/","og_locale":"de_DE","og_type":"article","og_title":"Nice to meeat you! &#8226; Meeat","og_description":"Maailma muuttuu, samoin me. Sit\u00e4 kutsutaan evoluutioksi. Tulevaisuus on kasvipohjainen ja me kutsumme sinut mukaamme tekem\u00e4\u00e4n hyv\u00e4\u00e4 planeetallemme.","og_url":"https:\/\/meeat.co\/de\/","og_site_name":"Meeat","article_modified_time":"2024-05-03T09:01:00+00:00","og_image":[{"width":1800,"height":860,"url":"http:\/\/meeat.co\/wp-content\/uploads\/meeat-hero-1.jpg","type":"image\/jpeg"}],"twitter_card":"summary_large_image","twitter_misc":{"Gesch\u00e4tzte Lesezeit":"1 Minute"},"schema":{"@context":"https:\/\/schema.org","@graph":[{"@type":"WebPage","@id":"https:\/\/meeat.co\/de\/","url":"https:\/\/meeat.co\/de\/","name":"Nice to meeat you! &#8226; Meeat","isPartOf":{"@id":"https:\/\/meeat.co\/de\/fi\/#website"},"primaryImageOfPage":{"@id":"https:\/\/meeat.co\/de\/#primaryimage"},"image":{"@id":"https:\/\/meeat.co\/de\/#primaryimage"},"thumbnailUrl":"https:\/\/meeat.co\/wp-content\/uploads\/meeat-hero-1.jpg","datePublished":"2021-08-09T09:15:12+00:00","dateModified":"2024-05-03T09:01:00+00:00","description":"Maailma muuttuu, samoin me. Sit\u00e4 kutsutaan evoluutioksi. Tulevaisuus on kasvipohjainen ja me kutsumme sinut mukaamme tekem\u00e4\u00e4n hyv\u00e4\u00e4 planeetallemme.","breadcrumb":{"@id":"https:\/\/meeat.co\/de\/#breadcrumb"},"inLanguage":"de-DE","potentialAction":[{"@type":"ReadAction","target":["https:\/\/meeat.co\/de\/"]}]},{"@type":"ImageObject","inLanguage":"de-DE","@id":"https:\/\/meeat.co\/de\/#primaryimage","url":"https:\/\/meeat.co\/wp-content\/uploads\/meeat-hero-1.jpg","contentUrl":"https:\/\/meeat.co\/wp-content\/uploads\/meeat-hero-1.jpg","width":1800,"height":860},{"@type":"BreadcrumbList","@id":"https:\/\/meeat.co\/de\/#breadcrumb","itemListElement":[{"@type":"ListItem","position":1,"name":"Home","item":"https:\/\/meeat.co\/de\/"},{"@type":"ListItem","position":2,"name":"Startseite"}]},{"@type":"WebSite","@id":"https:\/\/meeat.co\/de\/fi\/#website","url":"https:\/\/meeat.co\/de\/fi\/","name":"Meeat","description":"Plant based future food","publisher":{"@id":"https:\/\/meeat.co\/de\/fi\/#organization"},"potentialAction":[{"@type":"SearchAction","target":{"@type":"EntryPoint","urlTemplate":"https:\/\/meeat.co\/de\/fi\/?s={search_term_string}"},"query-input":{"@type":"PropertyValueSpecification","valueRequired":true,"valueName":"search_term_string"}}],"inLanguage":"de-DE"},{"@type":"Organization","@id":"https:\/\/meeat.co\/de\/fi\/#organization","name":"Meeat","url":"https:\/\/meeat.co\/de\/fi\/","logo":{"@type":"ImageObject","inLanguage":"de-DE","@id":"https:\/\/meeat.co\/de\/fi\/#\/schema\/logo\/image\/","url":"https:\/\/meeat.co\/wp-content\/uploads\/cko046hrc00roa6s6bsqbba4i-meeat-sign.large_.png","contentUrl":"https:\/\/meeat.co\/wp-content\/uploads\/cko046hrc00roa6s6bsqbba4i-meeat-sign.large_.png","width":2500,"height":1660,"caption":"Meeat"},"image":{"@id":"https:\/\/meeat.co\/de\/fi\/#\/schema\/logo\/image\/"}}]}},"_links":{"self":[{"href":"https:\/\/meeat.co\/de\/wp-json\/wp\/v2\/pages\/5787","targetHints":{"allow":["GET"]}}],"collection":[{"href":"https:\/\/meeat.co\/de\/wp-json\/wp\/v2\/pages"}],"about":[{"href":"https:\/\/meeat.co\/de\/wp-json\/wp\/v2\/types\/page"}],"author":[{"embeddable":true,"href":"https:\/\/meeat.co\/de\/wp-json\/wp\/v2\/users\/1"}],"replies":[{"embeddable":true,"href":"https:\/\/meeat.co\/de\/wp-json\/wp\/v2\/comments?post=5787"}],"version-history":[{"count":0,"href":"https:\/\/meeat.co\/de\/wp-json\/wp\/v2\/pages\/5787\/revisions"}],"wp:featuredmedia":[{"embeddable":true,"href":"https:\/\/meeat.co\/de\/wp-json\/wp\/v2\/media\/5789"}],"wp:attachment":[{"href":"https:\/\/meeat.co\/de\/wp-json\/wp\/v2\/media?parent=5787"}],"curies":[{"name":"wp","href":"https:\/\/api.w.org\/{rel}","templated":true}]}}